{"id":1617,"date":"2021-11-09T15:33:38","date_gmt":"2021-11-09T14:33:38","guid":{"rendered":"http:\/\/www.odilecouture.ch\/?page_id=1617"},"modified":"2021-11-09T15:40:12","modified_gmt":"2021-11-09T14:40:12","slug":"elementor-1617","status":"publish","type":"page","link":"https:\/\/www.odilecouture.ch\/","title":{"rendered":"_Accueil"},"content":{"rendered":"<div data-elementor-type=\"wp-page\" data-elementor-id=\"1617\" class=\"elementor elementor-1617\" data-elementor-settings=\"[]\">\n\t\t\t\t\t\t<div class=\"elementor-inner\">\n\t\t\t\t\t\t\t<div class=\"elementor-section-wrap\">\n\t\t\t\t\t\t\t<section class=\"elementor-section elementor-top-section elementor-element elementor-element-d2d466f elementor-section-boxed elementor-section-height-default elementor-section-height-default\" data-id=\"d2d466f\" data-element_type=\"section\">\n\t\t\t\t\t\t<div class=\"elementor-container elementor-column-gap-default\">\n\t\t\t\t\t\t\t<div class=\"elementor-row\">\n\t\t\t\t\t<div class=\"elementor-column elementor-col-100 elementor-top-column elementor-element elementor-element-123c1f1\" data-id=\"123c1f1\" data-element_type=\"column\">\n\t\t\t<div class=\"elementor-column-wrap elementor-element-populated\">\n\t\t\t\t\t\t\t<div class=\"elementor-widget-wrap\">\n\t\t\t\t\t\t<div class=\"elementor-element elementor-element-3bc921f elementor-widget elementor-widget-heading\" data-id=\"3bc921f\" data-element_type=\"widget\" data-widget_type=\"heading.default\">\n\t\t\t\t<div class=\"elementor-widget-container\">\n\t\t\t<h2 class=\"elementor-heading-title elementor-size-default\">Accueil<\/h2>\t\t<\/div>\n\t\t\t\t<\/div>\n\t\t\t\t\t\t<\/div>\n\t\t\t\t\t<\/div>\n\t\t<\/div>\n\t\t\t\t\t\t\t\t<\/div>\n\t\t\t\t\t<\/div>\n\t\t<\/section>\n\t\t\t\t<section class=\"elementor-section elementor-top-section elementor-element elementor-element-52eb70f elementor-section-boxed elementor-section-height-default elementor-section-height-default\" data-id=\"52eb70f\" data-element_type=\"section\">\n\t\t\t\t\t\t<div class=\"elementor-container elementor-column-gap-default\">\n\t\t\t\t\t\t\t<div class=\"elementor-row\">\n\t\t\t\t\t<div class=\"elementor-column elementor-col-100 elementor-top-column elementor-element elementor-element-5826886\" data-id=\"5826886\" data-element_type=\"column\">\n\t\t\t<div class=\"elementor-column-wrap elementor-element-populated\">\n\t\t\t\t\t\t\t<div class=\"elementor-widget-wrap\">\n\t\t\t\t\t\t<div class=\"elementor-element elementor-element-669562d elementor-widget elementor-widget-image\" data-id=\"669562d\" data-element_type=\"widget\" data-widget_type=\"image.default\">\n\t\t\t\t<div class=\"elementor-widget-container\">\n\t\t\t\t\t\t\t\t<div class=\"elementor-image\">\n\t\t\t\t\t\t\t\t\t\t\t\t<img width=\"300\" height=\"200\" src=\"https:\/\/www.odilecouture.ch\/wp-content\/uploads\/2016\/11\/2016_machine-300x200.jpg\" class=\"attachment-medium size-medium\" alt=\"\" loading=\"lazy\" srcset=\"https:\/\/www.odilecouture.ch\/wp-content\/uploads\/2016\/11\/2016_machine-300x200.jpg 300w, https:\/\/www.odilecouture.ch\/wp-content\/uploads\/2016\/11\/2016_machine-600x400.jpg 600w, https:\/\/www.odilecouture.ch\/wp-content\/uploads\/2016\/11\/2016_machine-768x512.jpg 768w, https:\/\/www.odilecouture.ch\/wp-content\/uploads\/2016\/11\/2016_machine-1024x682.jpg 1024w, https:\/\/www.odilecouture.ch\/wp-content\/uploads\/2016\/11\/2016_machine.jpg 1772w\" sizes=\"(max-width: 300px) 100vw, 300px\" \/>\t\t\t\t\t\t\t\t\t\t\t\t\t\t<\/div>\n\t\t\t\t\t\t<\/div>\n\t\t\t\t<\/div>\n\t\t\t\t<div class=\"elementor-element elementor-element-095f2f4 elementor-widget elementor-widget-text-editor\" data-id=\"095f2f4\" data-element_type=\"widget\" data-widget_type=\"text-editor.default\">\n\t\t\t\t<div class=\"elementor-widget-container\">\n\t\t\t\t\t\t\t\t<div class=\"elementor-text-editor elementor-clearfix\">\n\t\t\t\t<p>Il fut un temps o\u00f9 le mot \u00abcouture\u00bb \u00e9voquait encore les ourlets, les patchworks et la poussi\u00e8re d\u2019un vieux tiroir \u00e0 boutons.<\/p><p>\u00a0<\/p><p>Surfant sur la tendance du \u00abfaire soi-m\u00eame\u00bb, la couture d\u2019aujourd\u2019hui rime avec cr\u00e9ation plut\u00f4t que raccommodage. Et s\u00e9duit un public de plus en plus jeune et branch\u00e9.<\/p>\t\t\t\t\t<\/div>\n\t\t\t\t\t\t<\/div>\n\t\t\t\t<\/div>\n\t\t\t\t\t\t<\/div>\n\t\t\t\t\t<\/div>\n\t\t<\/div>\n\t\t\t\t\t\t\t\t<\/div>\n\t\t\t\t\t<\/div>\n\t\t<\/section>\n\t\t\t\t\t\t<\/div>\n\t\t\t\t\t\t<\/div>\n\t\t\t\t\t<\/div>","protected":false},"excerpt":{"rendered":"<p>Accueil Il fut un temps o\u00f9 le mot \u00abcouture\u00bb \u00e9voquait encore les ourlets, les patchworks et la poussi\u00e8re d\u2019un vieux<\/p>\n","protected":false},"author":1,"featured_media":0,"parent":0,"menu_order":0,"comment_status":"closed","ping_status":"closed","template":"","meta":{"spay_email":""},"_links":{"self":[{"href":"https:\/\/www.odilecouture.ch\/index.php?rest_route=\/wp\/v2\/pages\/1617"}],"collection":[{"href":"https:\/\/www.odilecouture.ch\/index.php?rest_route=\/wp\/v2\/pages"}],"about":[{"href":"https:\/\/www.odilecouture.ch\/index.php?rest_route=\/wp\/v2\/types\/page"}],"author":[{"embeddable":true,"href":"https:\/\/www.odilecouture.ch\/index.php?rest_route=\/wp\/v2\/users\/1"}],"replies":[{"embeddable":true,"href":"https:\/\/www.odilecouture.ch\/index.php?rest_route=%2Fwp%2Fv2%2Fcomments&post=1617"}],"version-history":[{"count":7,"href":"https:\/\/www.odilecouture.ch\/index.php?rest_route=\/wp\/v2\/pages\/1617\/revisions"}],"predecessor-version":[{"id":1625,"href":"https:\/\/www.odilecouture.ch\/index.php?rest_route=\/wp\/v2\/pages\/1617\/revisions\/1625"}],"wp:attachment":[{"href":"https:\/\/www.odilecouture.ch\/index.php?rest_route=%2Fwp%2Fv2%2Fmedia&parent=1617"}],"curies":[{"name":"wp","href":"https:\/\/api.w.org\/{rel}","templated":true}]}}